{"id":496,"date":"2017-07-18T19:26:47","date_gmt":"2017-07-18T19:26:47","guid":{"rendered":"http:\/\/mysudafrica.com\/?page_id=496"},"modified":"2023-05-27T19:55:59","modified_gmt":"2023-05-27T19:55:59","slug":"winelands","status":"publish","type":"page","link":"http:\/\/mysudafrica.com\/en\/winelands\/","title":{"rendered":"Winelands"},"content":{"rendered":"<p style=\"text-align: left;\"><strong><em>\u00a0 \u00a0 \u00a0 \u00a0 \u00a0 \u00a0 \u00a0 \u00a0 \u00a0 \u00a0 \u00a0 \u00a0 \u00a0 \u00a0 \u00a0 \u00a0 \u00a0 \u00a0 \u00a0 \u00a0 \u00a0 \u00a0 \u00a0 \u00a0 \u00a0 \u00a0 \u00a0 \u00a0 \u00a0 \u00a0 \u00a0 \u00a0 \u00a0 \u00a0 \u00a0\u00a0<\/em><\/strong><\/p>\n<p style=\"text-align: center;\"><em><b>\u00a0 \u00a0 \u00a0 \u00a0 \u00a0 \u00a0 \u00a0 \u00a0 \u00a0 \u00a0 \u00a0 \u00a0 \u00a0 \u00a0 \u00a0 \u00a0 \u00a0 \u00a0 \u00a0 \u00a0BENVENUTI IN QUESTE, TERRE TUTTE DA SCOPRIRE<\/b><\/em><\/p>\n<p><strong>&#8220;Un insieme di valli generose, conosciute come le<i> Capewinelands,\u00a0sono una collezione di citt\u00e0, piccoli borghi, aziende vinicole e\u00a0Farm\u00a0 contornate da montagne \u00a0che creano un incredibile scenario, per una miriade di vigneti, da qui vengono ricavati vini eccellenti.&#8221;<\/i><\/strong><\/p>\n<p><a href=\"http:\/\/mysudafrica.com\/wp-content\/uploads\/2022\/06\/D1474090-3133-40DD-8B03-1DF6AA658D28.jpeg\"><img loading=\"lazy\" decoding=\"async\" class=\"wp-image-3780 aligncenter\" src=\"http:\/\/mysudafrica.com\/wp-content\/uploads\/2022\/06\/D1474090-3133-40DD-8B03-1DF6AA658D28.jpeg\" alt=\"\" width=\"375\" height=\"281\" srcset=\"http:\/\/mysudafrica.com\/wp-content\/uploads\/2022\/06\/D1474090-3133-40DD-8B03-1DF6AA658D28.jpeg 1024w, http:\/\/mysudafrica.com\/wp-content\/uploads\/2022\/06\/D1474090-3133-40DD-8B03-1DF6AA658D28-300x225.jpeg 300w, http:\/\/mysudafrica.com\/wp-content\/uploads\/2022\/06\/D1474090-3133-40DD-8B03-1DF6AA658D28-768x576.jpeg 768w, http:\/\/mysudafrica.com\/wp-content\/uploads\/2022\/06\/D1474090-3133-40DD-8B03-1DF6AA658D28-16x12.jpeg 16w\" sizes=\"(max-width: 375px) 100vw, 375px\" \/><\/a><\/p>\n<p>Il &#8221; <strong>Boland<\/strong> &#8221; letteralmente altopiano, che da Cape Town si estende nell&#8217;entroterra e sale progressivamente di quota \u00e8 una rinomata zona vinicola. Le magnifiche catene montuose che circondano le molte regioni e citt\u00e0 vote alla produzione vinicola,( principalmente la zona suda-ovest del paese) \u00a0contribuiscono a creare un microclima ideale per la viticultura. I primi insediamenti Coloniali, risalgono al XVIII secolo, quando gli Olandesi fondarono Stellenbosch e gli Ugonotti Francesi si stabilirono a Franschhoek, che negli anni \u00e8 diventata il motore trainante della cucina Sudafricana. La topografia della zona varia notevolmente, come anche i Terroir e microclimi, che regalano vini eccezionali; le Cape Winelands \u00a0sono una destinazione mozzafiato, un insieme di circa 13 Wine Route, che celebrano vini straordinari, una storia accattivante, deliziosa cucina e case storiche in stile Cape Dutch.<\/p>\n<p>Il viaggio attraverso esse \u00e8 un incredibile avventura che arricchisce non solo gli occhi ma anche l&#8217;anima, percorrendo le strade che vi portano lungo questi percorsi, vi renderete conto di quanto questa regione sia sfaccettata, incredibilmente vasta che profuma di vita, di storie legate ad un patrimonio di oltre 300 anni. Le Cape Winelends non offrono solo vino, ma anche la possibilit\u00e0 di degustare eccezionali Brandy, Gin artigianali, attivit\u00e0 sportive come Mountain Bike, trekking, percorsi a cavallo, Wine Safari, raccolta di frutta e attivit\u00e0 per i pi\u00f9 piccoli. La maggior parte delle aziende, offre anche il soggiorno, da hotel di lusso, a graziosi cottage in stile fattoria, dove trascorrere giorni magnifici, oltre a prodotti alimentari fatti all&#8217;interno delle Farm; Insomma le aziende vinicole qui sono una <strong>VERA E PROPRIA<\/strong> <strong>ESPERIENZA.<\/strong><\/p>\n<p><strong>CITTA&#8217; E REGIONI VINICOLE<\/strong><\/p>\n<p>Le Cape Winelands sono costituite da piccole e grandi citt\u00e0, alcune delle quali hanno una rilevanza storica, come Stellenbosch il cuore pulsante della produzione vinicola., Paarl dove i vigneti arrivano sino nei quartieri residenziali, e che possiede un fascino unico, Franschhoek, il &#8221; piccolo angolo Francese &#8221; rinomata per la sua cucina raffinata e stellata.<\/p>\n<p>Ma non finiscono qua. Non posso non citare <strong>Tulbagh<\/strong>, <strong>Wellington<\/strong>, <strong>Robertson<\/strong> , o la regione dello <strong>Swartland<\/strong> ancora poco conosciuta e che sono la casa di molte aziende, da quelle pi\u00f9 grandi a piccole boutique Winery con un carattere unico, dove chi ti aprir\u00e0 il cancello sar\u00e0 il titolare che lavora lui stesso la terra. Ognuna ha un carattere, hanno in se molte sfaccettature , un anima unica, che ognuna di esse fa si che le Cape WInelands siano una destinazione a se in un viaggio in Sudafrica, dove un weekend non basta per conoscerle.<\/p>\n<p><a href=\"http:\/\/mysudafrica.com\/wp-content\/uploads\/2023\/05\/A6D8FE0F-A32F-4973-B1EF-A5051390E0C5-scaled.jpeg\"><img loading=\"lazy\" decoding=\"async\" class=\"wp-image-3911 alignleft\" src=\"http:\/\/mysudafrica.com\/wp-content\/uploads\/2023\/05\/A6D8FE0F-A32F-4973-B1EF-A5051390E0C5-768x1024.jpeg\" alt=\"\" width=\"280\" height=\"374\" srcset=\"http:\/\/mysudafrica.com\/wp-content\/uploads\/2023\/05\/A6D8FE0F-A32F-4973-B1EF-A5051390E0C5-768x1024.jpeg 768w, http:\/\/mysudafrica.com\/wp-content\/uploads\/2023\/05\/A6D8FE0F-A32F-4973-B1EF-A5051390E0C5-225x300.jpeg 225w, http:\/\/mysudafrica.com\/wp-content\/uploads\/2023\/05\/A6D8FE0F-A32F-4973-B1EF-A5051390E0C5-1152x1536.jpeg 1152w, http:\/\/mysudafrica.com\/wp-content\/uploads\/2023\/05\/A6D8FE0F-A32F-4973-B1EF-A5051390E0C5-1536x2048.jpeg 1536w, http:\/\/mysudafrica.com\/wp-content\/uploads\/2023\/05\/A6D8FE0F-A32F-4973-B1EF-A5051390E0C5-9x12.jpeg 9w, http:\/\/mysudafrica.com\/wp-content\/uploads\/2023\/05\/A6D8FE0F-A32F-4973-B1EF-A5051390E0C5-scaled.jpeg 1920w\" sizes=\"(max-width: 280px) 100vw, 280px\" \/><\/a><\/p>\n<p><strong>VINO<\/strong><\/p>\n<p>Nelle Cape Winelands \u00a0vengono coltivati molti vitigni internazionali, a partire dai rossi in special modo, come Merlot, Shiraz, Cabernet oppure le miscele in stile bordolese. Per quanto riguarda le opzioni di vini bianchi abbiamo lo Chardonnay, ottimi Chenin Blanc, e Sauvignon Blanc. Quest&#8217;ultimo vitigno ha trovato una cosa speciale, ovvero nella zona di Costantia dove da un paio d&#8217;anni \u00e8 nata la prima Wine Route per variet\u00e0, vengono prodotti strepitosi Sauvignon Blanc ottimi sia giovani che messi in cantina per qualche anno. La zona e il microclima \u00e8 perfetto per questo vitigno. Il Sudafrica \u00e8 anche il luogo dove vengono prodotti ottimi CAP CLASSIQUE ovvero spumanti dove la seconda fermentazione avviene in bottiglia.<\/p>\n<p><strong>QUANDO VISITARE LE CAPE WINELANDS<\/strong><\/p>\n<p>Le Cape Winelands sono uno di quei posti da visitare tutto l&#8217;anno, i mesi estivi sono caldi con cieli tersi e meravigliose giornate da vivere a piedi nudi nei giardini delle aziende, tra un picnic e una degustazioni, mentre gli inverni miti portano a cene accoglienti e un bicchiere di vino davanti ad un caminetto scopiettante. Anche l&#8217;autunno e la primavera sono entrambi belli, con un fogliame stupendo.<\/p>\n<p>Le winelands, dove avviene la produzione vitivinicola, si trovano principalmente nella zona sud ovest del paese: la\u00a0<em><strong>western cape geographical unit,\u00a0<\/strong><\/em><em>un ampia\u00a0area che a sua volta \u00e8 suddivisa ulteriormente in\u00a0<strong>districts\u00a0<\/strong>pi\u00f9 piccoli, e\u00a0<strong>wards<\/strong> legate ad un particolare territoir, questa \u00e8 la regione vinicola pi\u00f9 rinomata del Sudafrica.<\/em><\/p>\n<p>Sicuramente avrete sentito parlare di\u00a0<strong>&#8221; Estate wines&#8221;\u00a0<\/strong>e sta a \u00a0indicare i vini prodotti all&#8217;interno di una determinata propriet\u00e0, una farm molto spesso.<\/p>\n<p>La Western Cape \u00e8 suddivisa \u00a0in cinque regions, ognuna delle quali \u00e8 rappresentativa per lo stile del vino e le uve coltivate dove in particolare abbiamo:<\/p>\n<p><strong><em>OVERBERG\u00a0<\/em><\/strong><em>con vini fortificati, comprende Elguin, Paarl e Tulbagh, quest&#8217;ultima rinomata per il suo MMC (M\u00e8thode cap classique, la versione locale dello Champagne)<\/em><\/p>\n<p><em><strong>COASTAL REGION\u00a0<\/strong>la zona pi\u00f9 storica che comprende Costantia, Stellenbosh, e Durbanville<\/em><\/p>\n<p><em><strong>BREEDE RIVER VALLEY\u00a0<\/strong> Comprende Worcester, Robertson, e Swellwndam \u00a0famosa anche per la produzione di brandy.<\/em><\/p>\n<p><em><strong>KLEIN KAROO<\/strong> Zona piccola e arida \u00a0produce vini in stile porto<\/em><\/p>\n<p><a href=\"http:\/\/mysudafrica.com\/wp-content\/uploads\/2017\/07\/FullSizeRender.jpg\">\u00a0 \u00a0 \u00a0 \u00a0 \u00a0 \u00a0 \u00a0 \u00a0 \u00a0 \u00a0 \u00a0 \u00a0 \u00a0 \u00a0 \u00a0 \u00a0 \u00a0 \u00a0 \u00a0 \u00a0 \u00a0 \u00a0 \u00a0 \u00a0 \u00a0 \u00a0 \u00a0 \u00a0 \u00a0<img loading=\"lazy\" decoding=\"async\" class=\"wp-image-363 aligncenter\" src=\"http:\/\/mysudafrica.com\/wp-content\/uploads\/2017\/07\/FullSizeRender-268x300.jpg\" alt=\"\" width=\"358\" height=\"401\" srcset=\"http:\/\/mysudafrica.com\/wp-content\/uploads\/2017\/07\/FullSizeRender-268x300.jpg 268w, http:\/\/mysudafrica.com\/wp-content\/uploads\/2017\/07\/FullSizeRender-768x860.jpg 768w, http:\/\/mysudafrica.com\/wp-content\/uploads\/2017\/07\/FullSizeRender-914x1024.jpg 914w, http:\/\/mysudafrica.com\/wp-content\/uploads\/2017\/07\/FullSizeRender-1920x2151.jpg 1920w\" sizes=\"(max-width: 358px) 100vw, 358px\" \/><\/a><\/p>\n<p>Nel 1973 il Sudafrica ha ottenuto il\u00a0<strong>&#8221; <em>WINE OF ORIGIN &#8221;\u00a0<\/em><\/strong><em>per garantire l&#8217;annata, la zona di provenienza\u00a0del vino, e le informazioni in merito all&#8217;uvaggio, insomma di certo l&#8217;accuratezza\u00a0dei dettagli non manca in queste terre.<\/em><\/p>\n<p><a href=\"http:\/\/mysudafrica.com\/wp-content\/uploads\/2017\/07\/GOPR0726-Copia.jpg\"><img loading=\"lazy\" decoding=\"async\" class=\"size-medium wp-image-491 aligncenter\" src=\"http:\/\/mysudafrica.com\/wp-content\/uploads\/2017\/07\/GOPR0726-Copia-300x225.jpg\" alt=\"\" width=\"300\" height=\"225\" srcset=\"http:\/\/mysudafrica.com\/wp-content\/uploads\/2017\/07\/GOPR0726-Copia-300x225.jpg 300w, http:\/\/mysudafrica.com\/wp-content\/uploads\/2017\/07\/GOPR0726-Copia-768x576.jpg 768w, http:\/\/mysudafrica.com\/wp-content\/uploads\/2017\/07\/GOPR0726-Copia-1024x768.jpg 1024w, http:\/\/mysudafrica.com\/wp-content\/uploads\/2017\/07\/GOPR0726-Copia-1920x1440.jpg 1920w\" sizes=\"(max-width: 300px) 100vw, 300px\" \/><\/a><\/p>\n<p>Ad oggi il Sudafrica, gode di standard qualitativi \u00a0a livello mondiale, infatti ne \u00e8 il 7 produttore di vino al mondo, con vini che si abbinano a qualsiasi tipo di pietanza, dal pesce alla carne, e per chi volesse vivere un esperienza culinaria nuova, verrete a conoscenza di sapori stupefacenti, attraverso un viaggio culinario, del quale ricorderete profumi e sapori che solo questi vini vi lasceranno &#8221; Under the skin&#8221;<\/p>\n<p>Stellenbosh insieme a Franschhoek, in particolare quest&#8217;ultima grazie ai tanti giovani chef che lavorano nelle aziende vinicole, \u00e8 diventata la forza trainante della cucina Sudafricana.<\/p>\n<p>Non solo vino, ma anche cucina a km 0, cioccolata, olio e birra<\/p>\n<p><a href=\"http:\/\/mysudafrica.com\/wp-content\/uploads\/2017\/07\/IMG_1963.jpg\"><img loading=\"lazy\" decoding=\"async\" class=\"size-medium wp-image-342 aligncenter\" src=\"http:\/\/mysudafrica.com\/wp-content\/uploads\/2017\/07\/IMG_1963-300x200.jpg\" alt=\"\" width=\"300\" height=\"200\" srcset=\"http:\/\/mysudafrica.com\/wp-content\/uploads\/2017\/07\/IMG_1963-300x200.jpg 300w, http:\/\/mysudafrica.com\/wp-content\/uploads\/2017\/07\/IMG_1963-768x512.jpg 768w, http:\/\/mysudafrica.com\/wp-content\/uploads\/2017\/07\/IMG_1963-1024x683.jpg 1024w, http:\/\/mysudafrica.com\/wp-content\/uploads\/2017\/07\/IMG_1963-1920x1280.jpg 1920w\" sizes=\"(max-width: 300px) 100vw, 300px\" \/><\/a><\/p>\n<p><em><strong>DEGUSTAZIONI E BRINDISI TRA VIGNETI E PROTEE<\/strong><\/em><\/p>\n<p>Viste spettacolari, filari di vigneti, fiori, natura e animali, cucina, \u00e8 ci\u00f2 che vi aspetta quando incontrerete queste terre spettacolari.Il \u00a0 Sudafrica, una patria che si sta ponendo nello scenario dei<strong> &#8221; vini del nuovo mondo &#8220;,<\/strong> una terra ricca di tradizione che merita rispetto, e che cerca di mostrare un volto &#8221; poetico e antico&#8221; si perch\u00e9 in tutto questo c&#8217;\u00e8 una sorta di poesia che traspare non solo nei filari perfetti e immacolati ma nel trasformare sapientemente un frutto in deliziose note d&#8217;uva dai mille profumi, frutto di tradizione antiche.<\/p>\n<p>Quel che \u00e8 certo, che nel futuro sapranno promuoversi ancora di pi\u00f9 nello scenario mondiale mantenendo quella passione lunga 350 anni che rende questi luoghi fermi nel tempo, ma avanti nel futuro.<\/p>\n<p>Tra febbraio e marzo avviene la vendemmia, e vivere questi luoghi in estate \u00e8 la cosa migliore che possiate fare, per\u00f2 anche nel periodo invernale, accompagnati da un cielo blu, un sole spettacolare che riscalda la giornata, un pic nic in mezzo alla natura, potrete godere dei colori e profumi invernali, che rendono incantatati e fiabeschi questi luoghi.<\/p>\n<p><em>&#8220;<strong>Metti una sera davanti ad un caminetto acceso, un bicchiere di Pinotage, che accompagna il Braai, la ricetta perfetta per una serata invernale magica&#8221;<\/strong><\/em><\/p>\n<p><strong> L&#8217;inverno in questa citt\u00e0 non vi fermer\u00e0 dal esplorare le Winelands, perch\u00e9 \u00a0c&#8217;\u00e8 qualcosa di romantico durante questo periodo, nelle cantine tra i vigneti.<\/strong><\/p>\n<p>I vini Sudafricani sono speciali, sono perfetti in ogni momento.<\/p>\n<p>Le citt\u00e0 delle winelands si possono visitare in giornata anche partendo da Cape Town, ma passare un paio di giorni in queste zone, soggiornando in un Hotel o in una splendida casa con piscina tra i vigneti \u00e8 la cosa ideale.<\/p>\n<p>In questa maniera potrete rimanere immersi in queste fantastiche terre, tra una passeggiata a cavallo, o magari esplorando le cantine in bicicletta attraverso i numerosi \u00a0percorsi.<\/p>\n<p>Per apprezzare le numerose cantine, e tutte le attivit\u00e0 che si possono svolgere prendetevi qualche giorno, vanno assaporate con tutti i sensi, immergetevi in un atmosfera senza tempo che vi far\u00e0 sognare, e vi far\u00e0 scoprire desideri inaspettati.<\/p>\n<p>Per conoscere i vini di queste terre, ci si deve confrontare con la sua storia ricca di tradizione, una parola che molti non ha significato, ma per loro si, cercando sempre di pi\u00f9 innovazione, ma restando legati alla famiglia, portando avanti di generazione in generazione, qualcosa di unico e speciale, ricavando da queste magnifiche terre ci\u00f2 che hanno da offrire, semplicemente, ma in maniera unica.<\/p>\n<p>Stappatene con noi alcune bottiglie, assaporerete tutto ci\u00f2.<\/p>\n<p><a href=\"http:\/\/mysudafrica.com\/wp-content\/uploads\/2017\/07\/Oldenburg_WC_750_499_90auto.jpg\"><img loading=\"lazy\" decoding=\"async\" class=\"size-medium wp-image-346 aligncenter\" src=\"http:\/\/mysudafrica.com\/wp-content\/uploads\/2017\/07\/Oldenburg_WC_750_499_90auto-300x200.jpg\" alt=\"\" width=\"300\" height=\"200\" srcset=\"http:\/\/mysudafrica.com\/wp-content\/uploads\/2017\/07\/Oldenburg_WC_750_499_90auto-300x200.jpg 300w, http:\/\/mysudafrica.com\/wp-content\/uploads\/2017\/07\/Oldenburg_WC_750_499_90auto.jpg 750w\" sizes=\"(max-width: 300px) 100vw, 300px\" \/><\/a><\/p>\n<p>Sudafrica, un ispirazione.<\/p>","protected":false},"excerpt":{"rendered":"<p>\u00a0 \u00a0 \u00a0 \u00a0 \u00a0 \u00a0 \u00a0 \u00a0 \u00a0 \u00a0 \u00a0 \u00a0 \u00a0 \u00a0 \u00a0 \u00a0 \u00a0 \u00a0 \u00a0 \u00a0 \u00a0 \u00a0 \u00a0 \u00a0 \u00a0 [&hellip;] <span class=\"read-more-link\"><a class=\"read-more\" href=\"http:\/\/mysudafrica.com\/en\/winelands\/\">Read More<\/a><\/span><\/p>","protected":false},"author":1,"featured_media":3906,"parent":0,"menu_order":0,"comment_status":"closed","ping_status":"closed","template":"","meta":{"footnotes":""},"yoast_head":"<!-- This site is optimized with the Yoast SEO plugin v18.9 - https:\/\/yoast.com\/wordpress\/plugins\/seo\/ -->\n<title>Winelands - MY SUDAFRICA<\/title>\n<meta name=\"robots\" content=\"index, follow, max-snippet:-1, max-image-preview:large, max-video-preview:-1\" \/>\n<link rel=\"canonical\" href=\"http:\/\/mysudafrica.com\/en\/winelands\/\" \/>\n<meta property=\"og:locale\" content=\"en_GB\" \/>\n<meta property=\"og:type\" content=\"article\" \/>\n<meta property=\"og:title\" content=\"Winelands - MY SUDAFRICA\" \/>\n<meta property=\"og:description\" content=\"\u00a0 \u00a0 \u00a0 \u00a0 \u00a0 \u00a0 \u00a0 \u00a0 \u00a0 \u00a0 \u00a0 \u00a0 \u00a0 \u00a0 \u00a0 \u00a0 \u00a0 \u00a0 \u00a0 \u00a0 \u00a0 \u00a0 \u00a0 \u00a0 \u00a0 [&hellip;] Read More\" \/>\n<meta property=\"og:url\" content=\"http:\/\/mysudafrica.com\/en\/winelands\/\" \/>\n<meta property=\"og:site_name\" content=\"MY SUDAFRICA\" \/>\n<meta property=\"article:publisher\" content=\"https:\/\/www.facebook.com\/mysudafrica\/\" \/>\n<meta property=\"article:modified_time\" content=\"2023-05-27T19:55:59+00:00\" \/>\n<meta property=\"og:image\" content=\"http:\/\/mysudafrica.com\/wp-content\/uploads\/2023\/05\/EDF85297-8E77-48A4-AC6F-D60AC8D9CC0B-1-scaled.jpeg\" \/>\n\t<meta property=\"og:image:width\" content=\"2560\" \/>\n\t<meta property=\"og:image:height\" content=\"1707\" \/>\n\t<meta property=\"og:image:type\" content=\"image\/jpeg\" \/>\n<meta name=\"twitter:label1\" content=\"Estimated reading time\" \/>\n\t<meta name=\"twitter:data1\" content=\"9 minutes\" \/>\n<script type=\"application\/ld+json\" class=\"yoast-schema-graph\">{\"@context\":\"https:\/\/schema.org\",\"@graph\":[{\"@type\":\"Organization\",\"@id\":\"http:\/\/mysudafrica.com\/#organization\",\"name\":\"My Sudafrica\",\"url\":\"http:\/\/mysudafrica.com\/\",\"sameAs\":[\"https:\/\/www.instagram.com\/mysudafrica\/\",\"https:\/\/www.facebook.com\/mysudafrica\/\",\"https:\/\/twitter.com\/mysudafrica\"],\"logo\":{\"@type\":\"ImageObject\",\"inLanguage\":\"en-GB\",\"@id\":\"http:\/\/mysudafrica.com\/#\/schema\/logo\/image\/\",\"url\":\"https:\/\/mysudafrica.com\/wp-content\/uploads\/2018\/12\/mysudafrica.jpg\",\"contentUrl\":\"https:\/\/mysudafrica.com\/wp-content\/uploads\/2018\/12\/mysudafrica.jpg\",\"width\":980,\"height\":980,\"caption\":\"My Sudafrica\"},\"image\":{\"@id\":\"http:\/\/mysudafrica.com\/#\/schema\/logo\/image\/\"}},{\"@type\":\"WebSite\",\"@id\":\"http:\/\/mysudafrica.com\/#website\",\"url\":\"http:\/\/mysudafrica.com\/\",\"name\":\"MY SUDAFRICA\",\"description\":\"Sudafrica dove ogni cosa &egrave; possibile\",\"publisher\":{\"@id\":\"http:\/\/mysudafrica.com\/#organization\"},\"potentialAction\":[{\"@type\":\"SearchAction\",\"target\":{\"@type\":\"EntryPoint\",\"urlTemplate\":\"http:\/\/mysudafrica.com\/?s={search_term_string}\"},\"query-input\":\"required name=search_term_string\"}],\"inLanguage\":\"en-GB\"},{\"@type\":\"ImageObject\",\"inLanguage\":\"en-GB\",\"@id\":\"http:\/\/mysudafrica.com\/winelands\/#primaryimage\",\"url\":\"http:\/\/mysudafrica.com\/wp-content\/uploads\/2023\/05\/EDF85297-8E77-48A4-AC6F-D60AC8D9CC0B-1-scaled.jpeg\",\"contentUrl\":\"http:\/\/mysudafrica.com\/wp-content\/uploads\/2023\/05\/EDF85297-8E77-48A4-AC6F-D60AC8D9CC0B-1-scaled.jpeg\",\"width\":2560,\"height\":1707,\"caption\":\"Babylonstoren\"},{\"@type\":\"WebPage\",\"@id\":\"http:\/\/mysudafrica.com\/winelands\/#webpage\",\"url\":\"http:\/\/mysudafrica.com\/winelands\/\",\"name\":\"Winelands - MY SUDAFRICA\",\"isPartOf\":{\"@id\":\"http:\/\/mysudafrica.com\/#website\"},\"primaryImageOfPage\":{\"@id\":\"http:\/\/mysudafrica.com\/winelands\/#primaryimage\"},\"datePublished\":\"2017-07-18T19:26:47+00:00\",\"dateModified\":\"2023-05-27T19:55:59+00:00\",\"breadcrumb\":{\"@id\":\"http:\/\/mysudafrica.com\/winelands\/#breadcrumb\"},\"inLanguage\":\"en-GB\",\"potentialAction\":[{\"@type\":\"ReadAction\",\"target\":[\"http:\/\/mysudafrica.com\/winelands\/\"]}]},{\"@type\":\"BreadcrumbList\",\"@id\":\"http:\/\/mysudafrica.com\/winelands\/#breadcrumb\",\"itemListElement\":[{\"@type\":\"ListItem\",\"position\":1,\"name\":\"Home\",\"item\":\"http:\/\/mysudafrica.com\/\"},{\"@type\":\"ListItem\",\"position\":2,\"name\":\"Winelands\"}]}]}<\/script>\n<!-- \/ Yoast SEO plugin. -->","yoast_head_json":{"title":"Winelands - MY SUDAFRICA","robots":{"index":"index","follow":"follow","max-snippet":"max-snippet:-1","max-image-preview":"max-image-preview:large","max-video-preview":"max-video-preview:-1"},"canonical":"http:\/\/mysudafrica.com\/en\/winelands\/","og_locale":"en_GB","og_type":"article","og_title":"Winelands - MY SUDAFRICA","og_description":"\u00a0 \u00a0 \u00a0 \u00a0 \u00a0 \u00a0 \u00a0 \u00a0 \u00a0 \u00a0 \u00a0 \u00a0 \u00a0 \u00a0 \u00a0 \u00a0 \u00a0 \u00a0 \u00a0 \u00a0 \u00a0 \u00a0 \u00a0 \u00a0 \u00a0 [&hellip;] Read More","og_url":"http:\/\/mysudafrica.com\/en\/winelands\/","og_site_name":"MY SUDAFRICA","article_publisher":"https:\/\/www.facebook.com\/mysudafrica\/","article_modified_time":"2023-05-27T19:55:59+00:00","og_image":[{"width":2560,"height":1707,"url":"http:\/\/mysudafrica.com\/wp-content\/uploads\/2023\/05\/EDF85297-8E77-48A4-AC6F-D60AC8D9CC0B-1-scaled.jpeg","type":"image\/jpeg"}],"twitter_misc":{"Estimated reading time":"9 minutes"},"schema":{"@context":"https:\/\/schema.org","@graph":[{"@type":"Organization","@id":"http:\/\/mysudafrica.com\/#organization","name":"My Sudafrica","url":"http:\/\/mysudafrica.com\/","sameAs":["https:\/\/www.instagram.com\/mysudafrica\/","https:\/\/www.facebook.com\/mysudafrica\/","https:\/\/twitter.com\/mysudafrica"],"logo":{"@type":"ImageObject","inLanguage":"en-GB","@id":"http:\/\/mysudafrica.com\/#\/schema\/logo\/image\/","url":"https:\/\/mysudafrica.com\/wp-content\/uploads\/2018\/12\/mysudafrica.jpg","contentUrl":"https:\/\/mysudafrica.com\/wp-content\/uploads\/2018\/12\/mysudafrica.jpg","width":980,"height":980,"caption":"My Sudafrica"},"image":{"@id":"http:\/\/mysudafrica.com\/#\/schema\/logo\/image\/"}},{"@type":"WebSite","@id":"http:\/\/mysudafrica.com\/#website","url":"http:\/\/mysudafrica.com\/","name":"MY SUDAFRICA","description":"Sudafrica dove ogni cosa &egrave; possibile","publisher":{"@id":"http:\/\/mysudafrica.com\/#organization"},"potentialAction":[{"@type":"SearchAction","target":{"@type":"EntryPoint","urlTemplate":"http:\/\/mysudafrica.com\/?s={search_term_string}"},"query-input":"required name=search_term_string"}],"inLanguage":"en-GB"},{"@type":"ImageObject","inLanguage":"en-GB","@id":"http:\/\/mysudafrica.com\/winelands\/#primaryimage","url":"http:\/\/mysudafrica.com\/wp-content\/uploads\/2023\/05\/EDF85297-8E77-48A4-AC6F-D60AC8D9CC0B-1-scaled.jpeg","contentUrl":"http:\/\/mysudafrica.com\/wp-content\/uploads\/2023\/05\/EDF85297-8E77-48A4-AC6F-D60AC8D9CC0B-1-scaled.jpeg","width":2560,"height":1707,"caption":"Babylonstoren"},{"@type":"WebPage","@id":"http:\/\/mysudafrica.com\/winelands\/#webpage","url":"http:\/\/mysudafrica.com\/winelands\/","name":"Winelands - MY SUDAFRICA","isPartOf":{"@id":"http:\/\/mysudafrica.com\/#website"},"primaryImageOfPage":{"@id":"http:\/\/mysudafrica.com\/winelands\/#primaryimage"},"datePublished":"2017-07-18T19:26:47+00:00","dateModified":"2023-05-27T19:55:59+00:00","breadcrumb":{"@id":"http:\/\/mysudafrica.com\/winelands\/#breadcrumb"},"inLanguage":"en-GB","potentialAction":[{"@type":"ReadAction","target":["http:\/\/mysudafrica.com\/winelands\/"]}]},{"@type":"BreadcrumbList","@id":"http:\/\/mysudafrica.com\/winelands\/#breadcrumb","itemListElement":[{"@type":"ListItem","position":1,"name":"Home","item":"http:\/\/mysudafrica.com\/"},{"@type":"ListItem","position":2,"name":"Winelands"}]}]}},"_links":{"self":[{"href":"http:\/\/mysudafrica.com\/en\/wp-json\/wp\/v2\/pages\/496"}],"collection":[{"href":"http:\/\/mysudafrica.com\/en\/wp-json\/wp\/v2\/pages"}],"about":[{"href":"http:\/\/mysudafrica.com\/en\/wp-json\/wp\/v2\/types\/page"}],"author":[{"embeddable":true,"href":"http:\/\/mysudafrica.com\/en\/wp-json\/wp\/v2\/users\/1"}],"replies":[{"embeddable":true,"href":"http:\/\/mysudafrica.com\/en\/wp-json\/wp\/v2\/comments?post=496"}],"version-history":[{"count":6,"href":"http:\/\/mysudafrica.com\/en\/wp-json\/wp\/v2\/pages\/496\/revisions"}],"predecessor-version":[{"id":3915,"href":"http:\/\/mysudafrica.com\/en\/wp-json\/wp\/v2\/pages\/496\/revisions\/3915"}],"wp:featuredmedia":[{"embeddable":true,"href":"http:\/\/mysudafrica.com\/en\/wp-json\/wp\/v2\/media\/3906"}],"wp:attachment":[{"href":"http:\/\/mysudafrica.com\/en\/wp-json\/wp\/v2\/media?parent=496"}],"curies":[{"name":"wp","href":"https:\/\/api.w.org\/{rel}","templated":true}]}}