{"id":389,"date":"2017-07-15T19:33:53","date_gmt":"2017-07-15T19:33:53","guid":{"rendered":"http:\/\/mysudafrica.com\/?page_id=389"},"modified":"2017-07-16T16:30:56","modified_gmt":"2017-07-16T16:30:56","slug":"cape-town","status":"publish","type":"page","link":"http:\/\/mysudafrica.com\/en\/cape-town\/","title":{"rendered":"Cape Town"},"content":{"rendered":"<p style=\"text-align: center;\"><em><strong>&#8220;THE MOTHER CITY&#8221;<\/strong><\/em><\/p>\n<p>Benvenuti, welcome in questo luogo ai confini del pianeta, la pi\u00f9 bella citt\u00e0 del mondo, dove le forze della natura hanno plasmato e reso spettacolare, una citt\u00e0 con un anima cosmopolita, magica e sotto certi aspetti misteriosa,che ti leger\u00e0 a se con una forza di un legame fisico.<\/p>\n<p>Per sempre.<\/p>\n<p>All&#8217;arrivo, si ha l&#8217;impressione di essere in un luogo che ricorda l&#8217;europa, una citt\u00e0 ricca di monumenti che narrano la sua storia, ma anche di edifici in stile Vittoriano, e alberi si scoprirete che anche attraverso loro lei si racconta.<\/p>\n<p>Cape town, una citt\u00e0 in fermento, cosmopolita, che non si ferma mai, l&#8217; emblema del Nuovo Sudafrica, dove vi sono tanti luoghi di interesse ravvicinati, e \u00a0il soggiorno in questa citt\u00e0 non sar\u00e0 breve, ma \u00a0inaspettato con un ritmo vibrante come le culture che popolano questa citt\u00e0 e dintorni. Tutto \u00e8 in movimento, tutto \u00e8 emozione. Ricca di antiche tradizioni, mantiene un ritmo lento, tutto \u00e8 pi\u00f9 Easy, tipico del continente Africano.<\/p>\n<p>In estate \u00e8 tutta palme, mare, spiagge bianche, locali, vita notturna, mentre in inverno mitigata dalla pioggia, vigneti brulli e caminetti accesi, respirerete un aria sempre aperta e rilassata.<\/p>\n<p>Ad ogni angolo della citt\u00e0 permane la comunicazione istintiva, immediata che diventa la sua forza&#8230; Musica, arte, design, cibo, colori, profumi.<\/p>\n<p><em><strong>\u00a0&#8220;Cape Town va vissuta con l&#8217;anima e il viaggio si trasformer\u00e0 in qualcosa di interiore, dove l&#8217;alchimia con lei si mescoler\u00e0 con i vostri sensi e ripartirete dalle vostre emozioni e sar\u00e0 sorprendente come cambieranno. Vi accorgerete di appartenere a lei.&#8221;<\/strong><\/em><\/p>\n<p style=\"text-align: left;\"><a href=\"http:\/\/mysudafrica.com\/wp-content\/uploads\/2017\/07\/IMG_8951.jpg\"><img loading=\"lazy\" decoding=\"async\" class=\"size-medium wp-image-402 aligncenter\" src=\"http:\/\/mysudafrica.com\/wp-content\/uploads\/2017\/07\/IMG_8951-300x200.jpg\" alt=\"\" width=\"300\" height=\"200\" srcset=\"http:\/\/mysudafrica.com\/wp-content\/uploads\/2017\/07\/IMG_8951-300x200.jpg 300w, http:\/\/mysudafrica.com\/wp-content\/uploads\/2017\/07\/IMG_8951-768x512.jpg 768w, http:\/\/mysudafrica.com\/wp-content\/uploads\/2017\/07\/IMG_8951-1024x683.jpg 1024w, http:\/\/mysudafrica.com\/wp-content\/uploads\/2017\/07\/IMG_8951-1920x1280.jpg 1920w\" sizes=\"(max-width: 300px) 100vw, 300px\" \/><\/a><\/p>\n<p style=\"text-align: left;\">Cape Town \u00e8 un tesoro di attivit\u00e0 da fare all&#8217;aria aperta, ricche di avventura,potrete comunicare con la natura, volete fare fare un viaggio culinario?, perch\u00e9 no a Bo-Kaap, un quartiere Malese, o in uno dei tanti ristoranti sparsi per la citt\u00e0 in qualsiasi momento, assaporando vino in un locale alla moda, o semplicemente ammirando il tramonto da uno dei tanti locali al Victoria &amp; Alfred Waterfront.. E poi quando il sole al mattino splende per iniziare una nuova giornata, una colazione in una delle tante Bakery o in uno dei caff\u00e8 pi\u00f9 belli al mondo, e via per un giro panoramico della citt\u00e0 con il City- Sightseeing-Bus che vi accompagner\u00e0 alla Table Mountain, &#8220;la montagna &#8221; per i suoi abitanti, dove con una cabinovia in pochi minuti sarete sul tetto del mondo. Credetemi, vi mancheranno le parole, ci\u00f2 che vedrete rimarr\u00e0 impresso nei vostri occhi come un immagine indelebile che non potrete dimenticare mai. Respirate questa emozione a fondo, non occorrono parole, se poi assisterete al tramonto, bh\u00e8 capirete perch\u00e9 Cape Town \u00e8 unica.<\/p>\n<p style=\"text-align: left;\"><a href=\"http:\/\/mysudafrica.com\/wp-content\/uploads\/2017\/07\/IMG_9280.jpg\"><img loading=\"lazy\" decoding=\"async\" class=\"wp-image-414 aligncenter\" src=\"http:\/\/mysudafrica.com\/wp-content\/uploads\/2017\/07\/IMG_9280-300x200.jpg\" alt=\"\" width=\"359\" height=\"239\" srcset=\"http:\/\/mysudafrica.com\/wp-content\/uploads\/2017\/07\/IMG_9280-300x200.jpg 300w, http:\/\/mysudafrica.com\/wp-content\/uploads\/2017\/07\/IMG_9280-768x512.jpg 768w, http:\/\/mysudafrica.com\/wp-content\/uploads\/2017\/07\/IMG_9280-1024x683.jpg 1024w, http:\/\/mysudafrica.com\/wp-content\/uploads\/2017\/07\/IMG_9280-1920x1280.jpg 1920w\" sizes=\"(max-width: 359px) 100vw, 359px\" \/><\/a><\/p>\n<p style=\"text-align: left;\">Abbiamo deciso che vi porteremo con noi in questo viaggio alla scoperta non solo di Cape town ma del Sudafrica. Non voglio svelarvi altre &#8221; emozioni&#8221; altrimenti potreste pensare che sar\u00e0 un viaggio breve, \u00a0poi lei va vissuta a piccole dosi, per poterle assaporare nei migliori dei modi&#8230; dimenticavo potrete scoprire la sua anima vivace e profonda attraverso i numerosi mercati, uno in particolare con un aria Hipster.. ma questa \u00e8 un altra storia.<\/p>\n<p style=\"text-align: left;\">Cape town non \u00e8 solo una semplice citt\u00e0. \u00e8 un insieme di colori, emozioni, profumi, persone,e luoghi da visitare.<\/p>\n<p style=\"text-align: left;\">In ogni luogo della citt\u00e0 dove andrete, c&#8217;\u00e8 lei, la Table Mountain cosi maestosa quanto strana, ovunque voi vi girerete c&#8217;\u00e8 sempre.<\/p>\n<p style=\"text-align: left;\">Poi l&#8217;oceano che con la sua potenza e d il suo rumore ti libera la mente e l&#8217;anima, Cape Town \u00e8 una citt\u00e0 con una storia contemporanea e complessa allo stesso tempo.<\/p>\n<p style=\"text-align: left;\">Non avete ancora preparato la valigia?? bh\u00e8 sappiate che tornerete con un bagaglio ricco, non solo di vino ma ricordi indelebili.<\/p>\n<p style=\"text-align: left;\">Un viaggio che profuma di vita, come questa nazione.<\/p>\n<p style=\"text-align: left;\">Citt\u00e0 del Capo si prende cura di te, come qualsiasi madre farebbe.<\/p>\n<p style=\"text-align: left;\">#afrilove2017<\/p>","protected":false},"excerpt":{"rendered":"<p>&#8220;THE MOTHER CITY&#8221; Benvenuti, welcome in questo luogo ai confini del pianeta, la pi\u00f9 bella citt\u00e0 del mondo, dove le forze della natura hanno plasmato [&hellip;] <span class=\"read-more-link\"><a class=\"read-more\" href=\"http:\/\/mysudafrica.com\/en\/cape-town\/\">Read More<\/a><\/span><\/p>","protected":false},"author":1,"featured_media":416,"parent":0,"menu_order":0,"comment_status":"closed","ping_status":"closed","template":"","meta":{"footnotes":""},"yoast_head":"<!-- This site is optimized with the Yoast SEO plugin v18.9 - https:\/\/yoast.com\/wordpress\/plugins\/seo\/ -->\n<title>Cape Town - MY SUDAFRICA<\/title>\n<meta name=\"robots\" content=\"index, follow, max-snippet:-1, max-image-preview:large, max-video-preview:-1\" \/>\n<link rel=\"canonical\" href=\"http:\/\/mysudafrica.com\/en\/cape-town\/\" \/>\n<meta property=\"og:locale\" content=\"en_GB\" \/>\n<meta property=\"og:type\" content=\"article\" \/>\n<meta property=\"og:title\" content=\"Cape Town - MY SUDAFRICA\" \/>\n<meta property=\"og:description\" content=\"&#8220;THE MOTHER CITY&#8221; Benvenuti, welcome in questo luogo ai confini del pianeta, la pi\u00f9 bella citt\u00e0 del mondo, dove le forze della natura hanno plasmato [&hellip;] Read More\" \/>\n<meta property=\"og:url\" content=\"http:\/\/mysudafrica.com\/en\/cape-town\/\" \/>\n<meta property=\"og:site_name\" content=\"MY SUDAFRICA\" \/>\n<meta property=\"article:publisher\" content=\"https:\/\/www.facebook.com\/mysudafrica\/\" \/>\n<meta property=\"article:modified_time\" content=\"2017-07-16T16:30:56+00:00\" \/>\n<meta property=\"og:image\" content=\"http:\/\/mysudafrica.com\/wp-content\/uploads\/2017\/07\/afrilove2017-1.png\" \/>\n\t<meta property=\"og:image:width\" content=\"828\" \/>\n\t<meta property=\"og:image:height\" content=\"315\" \/>\n\t<meta property=\"og:image:type\" content=\"image\/png\" \/>\n<meta name=\"twitter:label1\" content=\"Estimated reading time\" \/>\n\t<meta name=\"twitter:data1\" content=\"3 minutes\" \/>\n<script type=\"application\/ld+json\" class=\"yoast-schema-graph\">{\"@context\":\"https:\/\/schema.org\",\"@graph\":[{\"@type\":\"Organization\",\"@id\":\"http:\/\/mysudafrica.com\/#organization\",\"name\":\"My Sudafrica\",\"url\":\"http:\/\/mysudafrica.com\/\",\"sameAs\":[\"https:\/\/www.instagram.com\/mysudafrica\/\",\"https:\/\/www.facebook.com\/mysudafrica\/\",\"https:\/\/twitter.com\/mysudafrica\"],\"logo\":{\"@type\":\"ImageObject\",\"inLanguage\":\"en-GB\",\"@id\":\"http:\/\/mysudafrica.com\/#\/schema\/logo\/image\/\",\"url\":\"https:\/\/mysudafrica.com\/wp-content\/uploads\/2018\/12\/mysudafrica.jpg\",\"contentUrl\":\"https:\/\/mysudafrica.com\/wp-content\/uploads\/2018\/12\/mysudafrica.jpg\",\"width\":980,\"height\":980,\"caption\":\"My Sudafrica\"},\"image\":{\"@id\":\"http:\/\/mysudafrica.com\/#\/schema\/logo\/image\/\"}},{\"@type\":\"WebSite\",\"@id\":\"http:\/\/mysudafrica.com\/#website\",\"url\":\"http:\/\/mysudafrica.com\/\",\"name\":\"MY SUDAFRICA\",\"description\":\"Sudafrica dove ogni cosa &egrave; possibile\",\"publisher\":{\"@id\":\"http:\/\/mysudafrica.com\/#organization\"},\"potentialAction\":[{\"@type\":\"SearchAction\",\"target\":{\"@type\":\"EntryPoint\",\"urlTemplate\":\"http:\/\/mysudafrica.com\/?s={search_term_string}\"},\"query-input\":\"required name=search_term_string\"}],\"inLanguage\":\"en-GB\"},{\"@type\":\"ImageObject\",\"inLanguage\":\"en-GB\",\"@id\":\"http:\/\/mysudafrica.com\/cape-town\/#primaryimage\",\"url\":\"http:\/\/mysudafrica.com\/wp-content\/uploads\/2017\/07\/afrilove2017-1.png\",\"contentUrl\":\"http:\/\/mysudafrica.com\/wp-content\/uploads\/2017\/07\/afrilove2017-1.png\",\"width\":828,\"height\":315},{\"@type\":\"WebPage\",\"@id\":\"http:\/\/mysudafrica.com\/cape-town\/#webpage\",\"url\":\"http:\/\/mysudafrica.com\/cape-town\/\",\"name\":\"Cape Town - MY SUDAFRICA\",\"isPartOf\":{\"@id\":\"http:\/\/mysudafrica.com\/#website\"},\"primaryImageOfPage\":{\"@id\":\"http:\/\/mysudafrica.com\/cape-town\/#primaryimage\"},\"datePublished\":\"2017-07-15T19:33:53+00:00\",\"dateModified\":\"2017-07-16T16:30:56+00:00\",\"breadcrumb\":{\"@id\":\"http:\/\/mysudafrica.com\/cape-town\/#breadcrumb\"},\"inLanguage\":\"en-GB\",\"potentialAction\":[{\"@type\":\"ReadAction\",\"target\":[\"http:\/\/mysudafrica.com\/cape-town\/\"]}]},{\"@type\":\"BreadcrumbList\",\"@id\":\"http:\/\/mysudafrica.com\/cape-town\/#breadcrumb\",\"itemListElement\":[{\"@type\":\"ListItem\",\"position\":1,\"name\":\"Home\",\"item\":\"http:\/\/mysudafrica.com\/\"},{\"@type\":\"ListItem\",\"position\":2,\"name\":\"Cape Town\"}]}]}<\/script>\n<!-- \/ Yoast SEO plugin. -->","yoast_head_json":{"title":"Cape Town - MY SUDAFRICA","robots":{"index":"index","follow":"follow","max-snippet":"max-snippet:-1","max-image-preview":"max-image-preview:large","max-video-preview":"max-video-preview:-1"},"canonical":"http:\/\/mysudafrica.com\/en\/cape-town\/","og_locale":"en_GB","og_type":"article","og_title":"Cape Town - MY SUDAFRICA","og_description":"&#8220;THE MOTHER CITY&#8221; Benvenuti, welcome in questo luogo ai confini del pianeta, la pi\u00f9 bella citt\u00e0 del mondo, dove le forze della natura hanno plasmato [&hellip;] Read More","og_url":"http:\/\/mysudafrica.com\/en\/cape-town\/","og_site_name":"MY SUDAFRICA","article_publisher":"https:\/\/www.facebook.com\/mysudafrica\/","article_modified_time":"2017-07-16T16:30:56+00:00","og_image":[{"width":828,"height":315,"url":"http:\/\/mysudafrica.com\/wp-content\/uploads\/2017\/07\/afrilove2017-1.png","type":"image\/png"}],"twitter_misc":{"Estimated reading time":"3 minutes"},"schema":{"@context":"https:\/\/schema.org","@graph":[{"@type":"Organization","@id":"http:\/\/mysudafrica.com\/#organization","name":"My Sudafrica","url":"http:\/\/mysudafrica.com\/","sameAs":["https:\/\/www.instagram.com\/mysudafrica\/","https:\/\/www.facebook.com\/mysudafrica\/","https:\/\/twitter.com\/mysudafrica"],"logo":{"@type":"ImageObject","inLanguage":"en-GB","@id":"http:\/\/mysudafrica.com\/#\/schema\/logo\/image\/","url":"https:\/\/mysudafrica.com\/wp-content\/uploads\/2018\/12\/mysudafrica.jpg","contentUrl":"https:\/\/mysudafrica.com\/wp-content\/uploads\/2018\/12\/mysudafrica.jpg","width":980,"height":980,"caption":"My Sudafrica"},"image":{"@id":"http:\/\/mysudafrica.com\/#\/schema\/logo\/image\/"}},{"@type":"WebSite","@id":"http:\/\/mysudafrica.com\/#website","url":"http:\/\/mysudafrica.com\/","name":"MY SUDAFRICA","description":"Sudafrica dove ogni cosa &egrave; possibile","publisher":{"@id":"http:\/\/mysudafrica.com\/#organization"},"potentialAction":[{"@type":"SearchAction","target":{"@type":"EntryPoint","urlTemplate":"http:\/\/mysudafrica.com\/?s={search_term_string}"},"query-input":"required name=search_term_string"}],"inLanguage":"en-GB"},{"@type":"ImageObject","inLanguage":"en-GB","@id":"http:\/\/mysudafrica.com\/cape-town\/#primaryimage","url":"http:\/\/mysudafrica.com\/wp-content\/uploads\/2017\/07\/afrilove2017-1.png","contentUrl":"http:\/\/mysudafrica.com\/wp-content\/uploads\/2017\/07\/afrilove2017-1.png","width":828,"height":315},{"@type":"WebPage","@id":"http:\/\/mysudafrica.com\/cape-town\/#webpage","url":"http:\/\/mysudafrica.com\/cape-town\/","name":"Cape Town - MY SUDAFRICA","isPartOf":{"@id":"http:\/\/mysudafrica.com\/#website"},"primaryImageOfPage":{"@id":"http:\/\/mysudafrica.com\/cape-town\/#primaryimage"},"datePublished":"2017-07-15T19:33:53+00:00","dateModified":"2017-07-16T16:30:56+00:00","breadcrumb":{"@id":"http:\/\/mysudafrica.com\/cape-town\/#breadcrumb"},"inLanguage":"en-GB","potentialAction":[{"@type":"ReadAction","target":["http:\/\/mysudafrica.com\/cape-town\/"]}]},{"@type":"BreadcrumbList","@id":"http:\/\/mysudafrica.com\/cape-town\/#breadcrumb","itemListElement":[{"@type":"ListItem","position":1,"name":"Home","item":"http:\/\/mysudafrica.com\/"},{"@type":"ListItem","position":2,"name":"Cape Town"}]}]}},"_links":{"self":[{"href":"http:\/\/mysudafrica.com\/en\/wp-json\/wp\/v2\/pages\/389"}],"collection":[{"href":"http:\/\/mysudafrica.com\/en\/wp-json\/wp\/v2\/pages"}],"about":[{"href":"http:\/\/mysudafrica.com\/en\/wp-json\/wp\/v2\/types\/page"}],"author":[{"embeddable":true,"href":"http:\/\/mysudafrica.com\/en\/wp-json\/wp\/v2\/users\/1"}],"replies":[{"embeddable":true,"href":"http:\/\/mysudafrica.com\/en\/wp-json\/wp\/v2\/comments?post=389"}],"version-history":[{"count":5,"href":"http:\/\/mysudafrica.com\/en\/wp-json\/wp\/v2\/pages\/389\/revisions"}],"predecessor-version":[{"id":420,"href":"http:\/\/mysudafrica.com\/en\/wp-json\/wp\/v2\/pages\/389\/revisions\/420"}],"wp:featuredmedia":[{"embeddable":true,"href":"http:\/\/mysudafrica.com\/en\/wp-json\/wp\/v2\/media\/416"}],"wp:attachment":[{"href":"http:\/\/mysudafrica.com\/en\/wp-json\/wp\/v2\/media?parent=389"}],"curies":[{"name":"wp","href":"https:\/\/api.w.org\/{rel}","templated":true}]}}