{"id":126,"date":"2017-06-24T16:28:15","date_gmt":"2017-06-24T16:28:15","guid":{"rendered":"http:\/\/mysudafrica.com\/?page_id=126"},"modified":"2017-07-18T14:59:13","modified_gmt":"2017-07-18T14:59:13","slug":"winelands-2","status":"publish","type":"page","link":"http:\/\/mysudafrica.com\/en\/winelands-2\/","title":{"rendered":"Winelands"},"content":{"rendered":"<h2>&#8221; Era il 2 febbraio 1695, Jan van Riebeeck scriveva nel suo diario : oggi la lode e il signore il vino \u00e8 stato fatto &#8220;<\/h2>\n<p>Purtroppo in quel tempo il vino non ebbe molto successo, ma negli anni a seguire il Sudafrica, venne un importante produttore di vini, ed ad oggi vanta oltre 600 cantine e attrazioni enogastronimiche di alto livello, in favolose valli, e nelle winelands, un paradiso di profumi.<a href=\"http:\/\/mysudafrica.com\/wp-content\/uploads\/2017\/06\/IMG_1677.jpg\"><img loading=\"lazy\" decoding=\"async\" class=\"size-medium wp-image-271 aligncenter\" src=\"http:\/\/mysudafrica.com\/wp-content\/uploads\/2017\/06\/IMG_1677-300x200.jpg\" alt=\"\" width=\"300\" height=\"200\" srcset=\"http:\/\/mysudafrica.com\/wp-content\/uploads\/2017\/06\/IMG_1677-300x200.jpg 300w, http:\/\/mysudafrica.com\/wp-content\/uploads\/2017\/06\/IMG_1677-768x512.jpg 768w, http:\/\/mysudafrica.com\/wp-content\/uploads\/2017\/06\/IMG_1677-1024x683.jpg 1024w, http:\/\/mysudafrica.com\/wp-content\/uploads\/2017\/06\/IMG_1677-1920x1280.jpg 1920w\" sizes=\"(max-width: 300px) 100vw, 300px\" \/><\/a><\/p>\n<p>&nbsp;<\/p>\n<p>Nel 1688, gli Ugonotti in fuga dalla Francia, portarono un netto miglioramento, nella produzione di vino, abbinata ad un habitat favorevole e ad un clima perfetto. Un mix idilliaco, che si unisce a cantine raffinate, in stile Cape Dutch, ed ad atmosfere incantate per vivere e proprie emozioni olfattive, e dove si snoda passato e presente.<\/p>\n<p>&nbsp;<\/p>\n<p>Noi essendo amanti dei piaceri della vita, ne siamo rimasti colpiti dalla bellezza, inebriati dai profumi delle winelands, e la cosa pi\u00f9 pazzesca che eravamo in Africa!!!<\/p>\n<p>Bhe voi potreste pensare.. cosa potrebbe spingermi a intraprendere un viaggio dall&#8217;altra parte del continente ?? in particolare a visitare le winelands? Io vi dar\u00f2 tre buoni motivi : storie di cantine, assaggi e vini di gran pregio, vivendo esperienze uniche e affascinanti, tra natura e arte.<\/p>\n<p>A febbraio di quest&#8217;anno durante il nostro terzo viaggio in Sudafrica, Stellenbosh e dintorni sono state \u00a0delle tappe fisse, visitando un bel p\u00f2 di cantine e passando le nostre giornate tra degustazioni, e pic nic in perfetto stile inglese, con tanto di coperta, cestino da riempire con delizie esclusivamente home made, e l&#8217;immancabile bottiglia di vino, che non aspettava altro che essere stappata per raccontare la sua storia.<\/p>\n<p>Ed eccoci tra filari interminabili, statue di artisti che hanno voluto dare un tocco in pi\u00f9 a scenari da favola, ascoltare i racconti di coloro che rendono tutto questo possibile.. e noi tornavamo indietro nel tempo, di 350 anni di storia enologica, fatta di sacrifici, e di duro lavoro, ma con la consapevolezza che un giorno avrebbero raccolto i frutti di una passione vera e profonda, quella che senti degustano uno dei tanti vini, che rendono famosi questi luoghi.<\/p>\n<p>&#8221; <strong>Se chiudo gli occhi, li sento ancora quei sapori, profumi fruttati, e rivedo le nostre giornate, in ottima compagnia, bevendo una buona \u00a0bottiglia di vino, e storie di famiglie. Tutto ci\u00f2 che conta &#8220;<a href=\"http:\/\/mysudafrica.com\/wp-content\/uploads\/2017\/06\/cape-winelands-620x349.jpg\"><img loading=\"lazy\" decoding=\"async\" class=\"size-medium wp-image-270 aligncenter\" src=\"http:\/\/mysudafrica.com\/wp-content\/uploads\/2017\/06\/cape-winelands-620x349-300x169.jpg\" alt=\"\" width=\"300\" height=\"169\" srcset=\"http:\/\/mysudafrica.com\/wp-content\/uploads\/2017\/06\/cape-winelands-620x349-300x169.jpg 300w, http:\/\/mysudafrica.com\/wp-content\/uploads\/2017\/06\/cape-winelands-620x349.jpg 620w\" sizes=\"(max-width: 300px) 100vw, 300px\" \/><\/a><\/strong><\/p>\n<p>Ogni cosa \u00e8 perfetta, dalle cantine, luoghi impalpabili per esperienze uniche , a progetti eco sostenibili che riguardano l&#8217;agricoltura, cibo etico, e alla consapevolezza che ogni cosa che voi assaggerete \u00a0\u00e8 una composizione di gusti profondi, autentici, naturali come lo \u00e8 questo luogo.<\/p>\n<p>Sapete in realt\u00e0 ci sono milioni di motivi per visitare le winelands , perch\u00e9 vi renderete conto che tutto poi vi rimarr\u00e0 under the skin&#8230; sotto la pelle.<\/p>\n<p>Tutto profuma di vita.<\/p>\n<p>Allora che ne dite di partire con noi alla scoperta della wine route ?<\/p>\n<p>Non aspettatevi un viaggio breve, ma intenso, e profondo, \u00a0un amore sconfinato per questa terra generosa di frutti, trasformati in vini eccezionali<\/p>\n<blockquote><p><strong>&#8221; C&#8217;\u00e8 sempre una storia da raccontare, quello che noi cerchiamo, un ispirazione vera &#8220;<\/strong><\/p>\n<p><a href=\"http:\/\/mysudafrica.com\/wp-content\/uploads\/2017\/06\/Travel-solo-stellenbosch-1.jpg\"><img loading=\"lazy\" decoding=\"async\" class=\"wp-image-273 aligncenter\" src=\"http:\/\/mysudafrica.com\/wp-content\/uploads\/2017\/06\/Travel-solo-stellenbosch-1-300x195.jpg\" alt=\"\" width=\"342\" height=\"222\" srcset=\"http:\/\/mysudafrica.com\/wp-content\/uploads\/2017\/06\/Travel-solo-stellenbosch-1-300x195.jpg 300w, http:\/\/mysudafrica.com\/wp-content\/uploads\/2017\/06\/Travel-solo-stellenbosch-1-768x498.jpg 768w, http:\/\/mysudafrica.com\/wp-content\/uploads\/2017\/06\/Travel-solo-stellenbosch-1.jpg 800w\" sizes=\"(max-width: 342px) 100vw, 342px\" \/><\/a><\/p><\/blockquote>\n<p>&nbsp;<\/p>","protected":false},"excerpt":{"rendered":"<p>&#8221; Era il 2 febbraio 1695, Jan van Riebeeck scriveva nel suo diario : oggi la lode e il signore il vino \u00e8 stato fatto [&hellip;] <span class=\"read-more-link\"><a class=\"read-more\" href=\"http:\/\/mysudafrica.com\/en\/winelands-2\/\">Read More<\/a><\/span><\/p>","protected":false},"author":1,"featured_media":272,"parent":0,"menu_order":0,"comment_status":"closed","ping_status":"closed","template":"","meta":{"footnotes":""},"yoast_head":"<!-- This site is optimized with the Yoast SEO plugin v18.9 - https:\/\/yoast.com\/wordpress\/plugins\/seo\/ -->\n<title>Winelands - MY SUDAFRICA<\/title>\n<meta name=\"robots\" content=\"index, follow, max-snippet:-1, max-image-preview:large, max-video-preview:-1\" \/>\n<link rel=\"canonical\" href=\"http:\/\/mysudafrica.com\/en\/winelands-2\/\" \/>\n<meta property=\"og:locale\" content=\"en_GB\" \/>\n<meta property=\"og:type\" content=\"article\" \/>\n<meta property=\"og:title\" content=\"Winelands - MY SUDAFRICA\" \/>\n<meta property=\"og:description\" content=\"&#8221; Era il 2 febbraio 1695, Jan van Riebeeck scriveva nel suo diario : oggi la lode e il signore il vino \u00e8 stato fatto [&hellip;] Read More\" \/>\n<meta property=\"og:url\" content=\"http:\/\/mysudafrica.com\/en\/winelands-2\/\" \/>\n<meta property=\"og:site_name\" content=\"MY SUDAFRICA\" \/>\n<meta property=\"article:publisher\" content=\"https:\/\/www.facebook.com\/mysudafrica\/\" \/>\n<meta property=\"article:modified_time\" content=\"2017-07-18T14:59:13+00:00\" \/>\n<meta property=\"og:image\" content=\"http:\/\/mysudafrica.com\/wp-content\/uploads\/2017\/06\/IMG_1735-e1498851622338-1024x683.jpg\" \/>\n\t<meta property=\"og:image:width\" content=\"1024\" \/>\n\t<meta property=\"og:image:height\" content=\"683\" \/>\n\t<meta property=\"og:image:type\" content=\"image\/jpeg\" \/>\n<meta name=\"twitter:label1\" content=\"Estimated reading time\" \/>\n\t<meta name=\"twitter:data1\" content=\"2 minutes\" \/>\n<script type=\"application\/ld+json\" class=\"yoast-schema-graph\">{\"@context\":\"https:\/\/schema.org\",\"@graph\":[{\"@type\":\"Organization\",\"@id\":\"http:\/\/mysudafrica.com\/#organization\",\"name\":\"My Sudafrica\",\"url\":\"http:\/\/mysudafrica.com\/\",\"sameAs\":[\"https:\/\/www.instagram.com\/mysudafrica\/\",\"https:\/\/www.facebook.com\/mysudafrica\/\",\"https:\/\/twitter.com\/mysudafrica\"],\"logo\":{\"@type\":\"ImageObject\",\"inLanguage\":\"en-GB\",\"@id\":\"http:\/\/mysudafrica.com\/#\/schema\/logo\/image\/\",\"url\":\"https:\/\/mysudafrica.com\/wp-content\/uploads\/2018\/12\/mysudafrica.jpg\",\"contentUrl\":\"https:\/\/mysudafrica.com\/wp-content\/uploads\/2018\/12\/mysudafrica.jpg\",\"width\":980,\"height\":980,\"caption\":\"My Sudafrica\"},\"image\":{\"@id\":\"http:\/\/mysudafrica.com\/#\/schema\/logo\/image\/\"}},{\"@type\":\"WebSite\",\"@id\":\"http:\/\/mysudafrica.com\/#website\",\"url\":\"http:\/\/mysudafrica.com\/\",\"name\":\"MY SUDAFRICA\",\"description\":\"Sudafrica dove ogni cosa &egrave; possibile\",\"publisher\":{\"@id\":\"http:\/\/mysudafrica.com\/#organization\"},\"potentialAction\":[{\"@type\":\"SearchAction\",\"target\":{\"@type\":\"EntryPoint\",\"urlTemplate\":\"http:\/\/mysudafrica.com\/?s={search_term_string}\"},\"query-input\":\"required name=search_term_string\"}],\"inLanguage\":\"en-GB\"},{\"@type\":\"ImageObject\",\"inLanguage\":\"en-GB\",\"@id\":\"http:\/\/mysudafrica.com\/winelands-2\/#primaryimage\",\"url\":\"http:\/\/mysudafrica.com\/wp-content\/uploads\/2017\/06\/IMG_1735-e1498851622338.jpg\",\"contentUrl\":\"http:\/\/mysudafrica.com\/wp-content\/uploads\/2017\/06\/IMG_1735-e1498851622338.jpg\",\"width\":4752,\"height\":3168},{\"@type\":\"WebPage\",\"@id\":\"http:\/\/mysudafrica.com\/winelands-2\/#webpage\",\"url\":\"http:\/\/mysudafrica.com\/winelands-2\/\",\"name\":\"Winelands - MY SUDAFRICA\",\"isPartOf\":{\"@id\":\"http:\/\/mysudafrica.com\/#website\"},\"primaryImageOfPage\":{\"@id\":\"http:\/\/mysudafrica.com\/winelands-2\/#primaryimage\"},\"datePublished\":\"2017-06-24T16:28:15+00:00\",\"dateModified\":\"2017-07-18T14:59:13+00:00\",\"breadcrumb\":{\"@id\":\"http:\/\/mysudafrica.com\/winelands-2\/#breadcrumb\"},\"inLanguage\":\"en-GB\",\"potentialAction\":[{\"@type\":\"ReadAction\",\"target\":[\"http:\/\/mysudafrica.com\/winelands-2\/\"]}]},{\"@type\":\"BreadcrumbList\",\"@id\":\"http:\/\/mysudafrica.com\/winelands-2\/#breadcrumb\",\"itemListElement\":[{\"@type\":\"ListItem\",\"position\":1,\"name\":\"Home\",\"item\":\"http:\/\/mysudafrica.com\/\"},{\"@type\":\"ListItem\",\"position\":2,\"name\":\"Winelands\"}]}]}<\/script>\n<!-- \/ Yoast SEO plugin. -->","yoast_head_json":{"title":"Winelands - MY SUDAFRICA","robots":{"index":"index","follow":"follow","max-snippet":"max-snippet:-1","max-image-preview":"max-image-preview:large","max-video-preview":"max-video-preview:-1"},"canonical":"http:\/\/mysudafrica.com\/en\/winelands-2\/","og_locale":"en_GB","og_type":"article","og_title":"Winelands - MY SUDAFRICA","og_description":"&#8221; Era il 2 febbraio 1695, Jan van Riebeeck scriveva nel suo diario : oggi la lode e il signore il vino \u00e8 stato fatto [&hellip;] Read More","og_url":"http:\/\/mysudafrica.com\/en\/winelands-2\/","og_site_name":"MY SUDAFRICA","article_publisher":"https:\/\/www.facebook.com\/mysudafrica\/","article_modified_time":"2017-07-18T14:59:13+00:00","og_image":[{"width":1024,"height":683,"url":"http:\/\/mysudafrica.com\/wp-content\/uploads\/2017\/06\/IMG_1735-e1498851622338-1024x683.jpg","type":"image\/jpeg"}],"twitter_misc":{"Estimated reading time":"2 minutes"},"schema":{"@context":"https:\/\/schema.org","@graph":[{"@type":"Organization","@id":"http:\/\/mysudafrica.com\/#organization","name":"My Sudafrica","url":"http:\/\/mysudafrica.com\/","sameAs":["https:\/\/www.instagram.com\/mysudafrica\/","https:\/\/www.facebook.com\/mysudafrica\/","https:\/\/twitter.com\/mysudafrica"],"logo":{"@type":"ImageObject","inLanguage":"en-GB","@id":"http:\/\/mysudafrica.com\/#\/schema\/logo\/image\/","url":"https:\/\/mysudafrica.com\/wp-content\/uploads\/2018\/12\/mysudafrica.jpg","contentUrl":"https:\/\/mysudafrica.com\/wp-content\/uploads\/2018\/12\/mysudafrica.jpg","width":980,"height":980,"caption":"My Sudafrica"},"image":{"@id":"http:\/\/mysudafrica.com\/#\/schema\/logo\/image\/"}},{"@type":"WebSite","@id":"http:\/\/mysudafrica.com\/#website","url":"http:\/\/mysudafrica.com\/","name":"MY SUDAFRICA","description":"Sudafrica dove ogni cosa &egrave; possibile","publisher":{"@id":"http:\/\/mysudafrica.com\/#organization"},"potentialAction":[{"@type":"SearchAction","target":{"@type":"EntryPoint","urlTemplate":"http:\/\/mysudafrica.com\/?s={search_term_string}"},"query-input":"required name=search_term_string"}],"inLanguage":"en-GB"},{"@type":"ImageObject","inLanguage":"en-GB","@id":"http:\/\/mysudafrica.com\/winelands-2\/#primaryimage","url":"http:\/\/mysudafrica.com\/wp-content\/uploads\/2017\/06\/IMG_1735-e1498851622338.jpg","contentUrl":"http:\/\/mysudafrica.com\/wp-content\/uploads\/2017\/06\/IMG_1735-e1498851622338.jpg","width":4752,"height":3168},{"@type":"WebPage","@id":"http:\/\/mysudafrica.com\/winelands-2\/#webpage","url":"http:\/\/mysudafrica.com\/winelands-2\/","name":"Winelands - MY SUDAFRICA","isPartOf":{"@id":"http:\/\/mysudafrica.com\/#website"},"primaryImageOfPage":{"@id":"http:\/\/mysudafrica.com\/winelands-2\/#primaryimage"},"datePublished":"2017-06-24T16:28:15+00:00","dateModified":"2017-07-18T14:59:13+00:00","breadcrumb":{"@id":"http:\/\/mysudafrica.com\/winelands-2\/#breadcrumb"},"inLanguage":"en-GB","potentialAction":[{"@type":"ReadAction","target":["http:\/\/mysudafrica.com\/winelands-2\/"]}]},{"@type":"BreadcrumbList","@id":"http:\/\/mysudafrica.com\/winelands-2\/#breadcrumb","itemListElement":[{"@type":"ListItem","position":1,"name":"Home","item":"http:\/\/mysudafrica.com\/"},{"@type":"ListItem","position":2,"name":"Winelands"}]}]}},"_links":{"self":[{"href":"http:\/\/mysudafrica.com\/en\/wp-json\/wp\/v2\/pages\/126"}],"collection":[{"href":"http:\/\/mysudafrica.com\/en\/wp-json\/wp\/v2\/pages"}],"about":[{"href":"http:\/\/mysudafrica.com\/en\/wp-json\/wp\/v2\/types\/page"}],"author":[{"embeddable":true,"href":"http:\/\/mysudafrica.com\/en\/wp-json\/wp\/v2\/users\/1"}],"replies":[{"embeddable":true,"href":"http:\/\/mysudafrica.com\/en\/wp-json\/wp\/v2\/comments?post=126"}],"version-history":[{"count":10,"href":"http:\/\/mysudafrica.com\/en\/wp-json\/wp\/v2\/pages\/126\/revisions"}],"predecessor-version":[{"id":482,"href":"http:\/\/mysudafrica.com\/en\/wp-json\/wp\/v2\/pages\/126\/revisions\/482"}],"wp:featuredmedia":[{"embeddable":true,"href":"http:\/\/mysudafrica.com\/en\/wp-json\/wp\/v2\/media\/272"}],"wp:attachment":[{"href":"http:\/\/mysudafrica.com\/en\/wp-json\/wp\/v2\/media?parent=126"}],"curies":[{"name":"wp","href":"https:\/\/api.w.org\/{rel}","templated":true}]}}